{"id":235,"date":"2023-06-26T16:50:42","date_gmt":"2023-06-26T14:50:42","guid":{"rendered":"https:\/\/tattoo-cruise.test\/?page_id=235"},"modified":"2025-09-26T15:02:52","modified_gmt":"2025-09-26T13:02:52","slug":"kuenstler-registrierung","status":"publish","type":"page","link":"https:\/\/tattoo-cruise.de\/en\/kuenstler-registrierung\/","title":{"rendered":"Artist Registration"},"content":{"rendered":"<div data-elementor-type=\"wp-page\" data-elementor-id=\"235\" class=\"elementor elementor-235\" data-elementor-post-type=\"page\">\n\t\t\t\t\t\t<section class=\"elementor-section elementor-top-section elementor-element elementor-element-d984103 elementor-section-height-min-height elementor-section-boxed elementor-section-height-default elementor-section-items-middle\" data-id=\"d984103\" data-element_type=\"section\" data-settings=\"{&quot;background_background&quot;:&quot;classic&quot;}\">\n\t\t\t\t\t\t<div class=\"elementor-container elementor-column-gap-default\">\n\t\t\t\t\t<div class=\"elementor-column elementor-col-100 elementor-top-column elementor-element elementor-element-1bd6b6c\" data-id=\"1bd6b6c\" data-element_type=\"column\">\n\t\t\t<div class=\"elementor-widget-wrap elementor-element-populated\">\n\t\t\t\t\t\t<div class=\"elementor-element elementor-element-73c4364 elementor-widget elementor-widget-heading\" data-id=\"73c4364\" data-element_type=\"widget\" data-widget_type=\"heading.default\">\n\t\t\t\t<div class=\"elementor-widget-container\">\n\t\t\t\t\t<h2 class=\"elementor-heading-title elementor-size-default\">Artist Registration<\/h2>\t\t\t\t<\/div>\n\t\t\t\t<\/div>\n\t\t\t\t\t<\/div>\n\t\t<\/div>\n\t\t\t\t\t<\/div>\n\t\t<\/section>\n\t\t\t\t<section class=\"elementor-section elementor-top-section elementor-element elementor-element-9d10958 elementor-section-boxed elementor-section-height-default elementor-section-height-default\" data-id=\"9d10958\" data-element_type=\"section\">\n\t\t\t\t\t\t<div class=\"elementor-container elementor-column-gap-default\">\n\t\t\t\t\t<div class=\"elementor-column elementor-col-50 elementor-top-column elementor-element elementor-element-b3f4033\" data-id=\"b3f4033\" data-element_type=\"column\">\n\t\t\t<div class=\"elementor-widget-wrap elementor-element-populated\">\n\t\t\t\t\t\t<div class=\"elementor-element elementor-element-e94ce38 elementor-widget elementor-widget-image\" data-id=\"e94ce38\" data-element_type=\"widget\" data-widget_type=\"image.default\">\n\t\t\t\t<div class=\"elementor-widget-container\">\n\t\t\t\t\t\t\t\t\t\t\t\t\t\t\t<img fetchpriority=\"high\" decoding=\"async\" width=\"800\" height=\"450\" src=\"https:\/\/tattoo-cruise.de\/wp-content\/uploads\/2023\/06\/Frame-4-1024x576.jpg\" class=\"attachment-large size-large wp-image-583\" alt=\"\" srcset=\"https:\/\/tattoo-cruise.de\/wp-content\/uploads\/2023\/06\/Frame-4-1024x576.jpg 1024w, https:\/\/tattoo-cruise.de\/wp-content\/uploads\/2023\/06\/Frame-4-300x169.jpg 300w, https:\/\/tattoo-cruise.de\/wp-content\/uploads\/2023\/06\/Frame-4-768x432.jpg 768w, https:\/\/tattoo-cruise.de\/wp-content\/uploads\/2023\/06\/Frame-4-1536x864.jpg 1536w, https:\/\/tattoo-cruise.de\/wp-content\/uploads\/2023\/06\/Frame-4.jpg 1876w\" sizes=\"(max-width: 800px) 100vw, 800px\" \/>\t\t\t\t\t\t\t\t\t\t\t\t\t\t\t<\/div>\n\t\t\t\t<\/div>\n\t\t\t\t<div class=\"elementor-element elementor-element-efd7e76 elementor-widget elementor-widget-text-editor\" data-id=\"efd7e76\" data-element_type=\"widget\" data-widget_type=\"text-editor.default\">\n\t\t\t\t<div class=\"elementor-widget-container\">\n\t\t\t\t\t\t\t\t\t<p>Apply to be artist on the 2024 Tattoo Cruise and secure your space on this unforgettable journey. Liberty, music and endless possibilities wait for you.<\/p>\t\t\t\t\t\t\t\t<\/div>\n\t\t\t\t<\/div>\n\t\t\t\t<div class=\"elementor-element elementor-element-adb9575 elementor-widget elementor-widget-text-editor\" data-id=\"adb9575\" data-element_type=\"widget\" data-widget_type=\"text-editor.default\">\n\t\t\t\t<div class=\"elementor-widget-container\">\n\t\t\t\t\t\t\t\t\t<p class=\"p1\">By applying to be an artist on the Tatto Cruise, you will have the opportunity to snag one of the limited spots on this unforgettable journey.<\/p>\t\t\t\t\t\t\t\t<\/div>\n\t\t\t\t<\/div>\n\t\t\t\t<div class=\"elementor-element elementor-element-8c48499 elementor-widget elementor-widget-text-editor\" data-id=\"8c48499\" data-element_type=\"widget\" data-widget_type=\"text-editor.default\">\n\t\t\t\t<div class=\"elementor-widget-container\">\n\t\t\t\t\t\t\t\t\t<h2>Cost overview for artists<\/h2>\n<p><strong>Booth fee:<\/strong> 500,00\u20ac<br>(one-off fee for the use of a professionally equipped work stand)<\/p>\n<p><strong>Daily price:<\/strong> 120,00\u20ac<br>(Price per day for additional services and catering on board)<\/p>\t\t\t\t\t\t\t\t<\/div>\n\t\t\t\t<\/div>\n\t\t\t\t<div class=\"elementor-element elementor-element-bfdc4b3 elementor-widget elementor-widget-text-editor\" data-id=\"bfdc4b3\" data-element_type=\"widget\" data-widget_type=\"text-editor.default\">\n\t\t\t\t<div class=\"elementor-widget-container\">\n\t\t\t\t\t\t\t\t\t<h2>Your adventure starts here!<\/h2><p>Create lasting memories for your customers, exchange ideas with other artists and enjoy the atmosphere of a floating tattoo paradise. Sign up today to secure your place on our journey!<\/p>\t\t\t\t\t\t\t\t<\/div>\n\t\t\t\t<\/div>\n\t\t\t\t<div class=\"elementor-element elementor-element-55287c0 elementor-widget elementor-widget-text-editor\" data-id=\"55287c0\" data-element_type=\"widget\" data-widget_type=\"text-editor.default\">\n\t\t\t\t<div class=\"elementor-widget-container\">\n\t\t\t\t\t\t\t\t\t<h2>Registration as an artist is closed\u2014but you can still join in! \ud83c\udf89<\/h2><p>Registration for artists is currently closed.<br \/>But you can still experience the Tattoo Cruise live \u2013 <a href=\"https:\/\/tattoo-cruise.de\/en\/book\/\">simply book your trip as a visitor.<\/a>.<\/p><p>Leave us your contact details here, and we will let you know as soon as registration for artists for the next cruise is open again.<\/p>\t\t\t\t\t\t\t\t<\/div>\n\t\t\t\t<\/div>\n\t\t\t\t\t<\/div>\n\t\t<\/div>\n\t\t\t\t<div class=\"elementor-column elementor-col-50 elementor-top-column elementor-element elementor-element-5e82b52\" data-id=\"5e82b52\" data-element_type=\"column\">\n\t\t\t<div class=\"elementor-widget-wrap elementor-element-populated\">\n\t\t\t\t\t\t<div class=\"elementor-element elementor-element-8f83ce9 elementor-widget elementor-widget-html\" data-id=\"8f83ce9\" data-element_type=\"widget\" data-widget_type=\"html.default\">\n\t\t\t\t<div class=\"elementor-widget-container\">\n\t\t\t\t\t<script type=\"text\/javascript\" src=\"https:\/\/form.jotform.com\/jsform\/252683399054063\"><\/script>\t\t\t\t<\/div>\n\t\t\t\t<\/div>\n\t\t\t\t\t<\/div>\n\t\t<\/div>\n\t\t\t\t\t<\/div>\n\t\t<\/section>\n\t\t\t\t<\/div>","protected":false},"excerpt":{"rendered":"<p>Bewirb dich als K\u00fcnstler auf dem Tattoo-Cruise und sichere dir einen Platz auf dieser unvergesslichen Reise. Freiheit, Musik und unendliche M\u00f6glichkeiten erwarten dich. Mit deiner Bewerbung als K\u00fcnstler auf der Tatto-Cruise hast du die Gelegenheit einen der begehrten Pl\u00e4tze auf dieser unvergesslichen Reise zu ergattern. Kosten\u00fcbersicht f\u00fcr K\u00fcnstler Standgeb\u00fchr: 500,00\u20ac(einmalige Geb\u00fchr f\u00fcr die Nutzung eines [&hellip;]<\/p>","protected":false},"author":1,"featured_media":0,"parent":0,"menu_order":0,"comment_status":"closed","ping_status":"closed","template":"","meta":{"footnotes":""},"class_list":["post-235","page","type-page","status-publish","hentry"],"_links":{"self":[{"href":"https:\/\/tattoo-cruise.de\/en\/wp-json\/wp\/v2\/pages\/235","targetHints":{"allow":["GET"]}}],"collection":[{"href":"https:\/\/tattoo-cruise.de\/en\/wp-json\/wp\/v2\/pages"}],"about":[{"href":"https:\/\/tattoo-cruise.de\/en\/wp-json\/wp\/v2\/types\/page"}],"author":[{"embeddable":true,"href":"https:\/\/tattoo-cruise.de\/en\/wp-json\/wp\/v2\/users\/1"}],"replies":[{"embeddable":true,"href":"https:\/\/tattoo-cruise.de\/en\/wp-json\/wp\/v2\/comments?post=235"}],"version-history":[{"count":104,"href":"https:\/\/tattoo-cruise.de\/en\/wp-json\/wp\/v2\/pages\/235\/revisions"}],"predecessor-version":[{"id":1928,"href":"https:\/\/tattoo-cruise.de\/en\/wp-json\/wp\/v2\/pages\/235\/revisions\/1928"}],"wp:attachment":[{"href":"https:\/\/tattoo-cruise.de\/en\/wp-json\/wp\/v2\/media?parent=235"}],"curies":[{"name":"wp","href":"https:\/\/api.w.org\/{rel}","templated":true}]}}