{"id":308,"date":"2023-06-26T17:45:58","date_gmt":"2023-06-26T15:45:58","guid":{"rendered":"https:\/\/tattoo-cruise.test\/?page_id=308"},"modified":"2025-01-14T13:34:15","modified_gmt":"2025-01-14T12:34:15","slug":"impressum","status":"publish","type":"page","link":"https:\/\/tattoo-cruise.de\/en\/impressum\/","title":{"rendered":"Imprint"},"content":{"rendered":"<div data-elementor-type=\"wp-page\" data-elementor-id=\"308\" class=\"elementor elementor-308\" data-elementor-post-type=\"page\">\n\t\t\t\t\t\t<section class=\"elementor-section elementor-top-section elementor-element elementor-element-d12bf66 elementor-section-height-min-height elementor-section-boxed elementor-section-height-default elementor-section-items-middle\" data-id=\"d12bf66\" data-element_type=\"section\" data-settings=\"{&quot;background_background&quot;:&quot;classic&quot;}\">\n\t\t\t\t\t\t<div class=\"elementor-container elementor-column-gap-default\">\n\t\t\t\t\t<div class=\"elementor-column elementor-col-100 elementor-top-column elementor-element elementor-element-f16cea4\" data-id=\"f16cea4\" data-element_type=\"column\">\n\t\t\t<div class=\"elementor-widget-wrap elementor-element-populated\">\n\t\t\t\t\t\t<div class=\"elementor-element elementor-element-9e1cfd7 elementor-widget elementor-widget-heading\" data-id=\"9e1cfd7\" data-element_type=\"widget\" data-widget_type=\"heading.default\">\n\t\t\t\t<div class=\"elementor-widget-container\">\n\t\t\t\t\t<h2 class=\"elementor-heading-title elementor-size-default\">Imprint<\/h2>\t\t\t\t<\/div>\n\t\t\t\t<\/div>\n\t\t\t\t\t<\/div>\n\t\t<\/div>\n\t\t\t\t\t<\/div>\n\t\t<\/section>\n\t\t\t\t<section class=\"elementor-section elementor-top-section elementor-element elementor-element-3d4b6b7 elementor-section-boxed elementor-section-height-default elementor-section-height-default\" data-id=\"3d4b6b7\" data-element_type=\"section\">\n\t\t\t\t\t\t<div class=\"elementor-container elementor-column-gap-default\">\n\t\t\t\t\t<div class=\"elementor-column elementor-col-100 elementor-top-column elementor-element elementor-element-d8c619b\" data-id=\"d8c619b\" data-element_type=\"column\">\n\t\t\t<div class=\"elementor-widget-wrap elementor-element-populated\">\n\t\t\t\t\t\t<div class=\"elementor-element elementor-element-d4e10bd elementor-widget elementor-widget-text-editor\" data-id=\"d4e10bd\" data-element_type=\"widget\" data-widget_type=\"text-editor.default\">\n\t\t\t\t<div class=\"elementor-widget-container\">\n\t\t\t\t\t\t\t\t\t<p><strong>Dein Vertragspartner und Anbieter ist:<\/strong><\/p>\n<p>Wildcat GmbH<br>Wankelstr. 5<br>48599 Gronau<br>Deutschland<\/p>\n<p>Tel.: 49 (0) 25 62 99 2 99 -0<br>Fax: +49 (0) 25 62 99 2 99 -29<br>E-Mail: service@wildcat.de<\/p>\n<p>Registergericht: Amtsgericht Coesfeld<br>Registernummer: HRB 6040<br>USt-ID: DE813078991<\/p>\n<p>Gesch\u00e4ftsf\u00fchrer: Martin Siedler, Damien Siedler<br>Inhaltlich verantwortlich gem\u00e4\u00df \u00a75 TMG und \u00a755 RStV: Martin Siedler<\/p>\n<p><strong>JUGENSCHUTZBEAUFTRAGTER<\/strong><\/p>\n<p>Jugendschutzbeauftragter gem\u00e4\u00df \u00a7 7 JMStV:<\/p>\n<p>Rechtsanwalt Jan M\u00fcller<br>IT-Recht Kanzlei, M\u00fcnchen<br>E-Mail: jugendschutzbeauftragter@it-recht-kanzlei.de<\/p>\n<p><strong>FAIRNESS IM HANDEL<\/strong><\/p>\n<p>Mitglied der Initiative \u201cFairness im Handel\u201d.<br>Informationen zur Initiative: fairness-im-handel.de<\/p>\n<p><strong>ONLINE-STREITBELEGUNG<\/strong><\/p>\n<p>Plattform der EU-Kommission zur Online-Streitbeilegung: http:\/\/ec.europa.eu\/consumers\/odr<\/p>\n<p>Wir sind zur Teilnahme an einem Streitbeilegungsverfahren vor einer Verbraucherschlichtungsstelle weder verpflichtet noch bereit.<\/p>\t\t\t\t\t\t\t\t<\/div>\n\t\t\t\t<\/div>\n\t\t\t\t\t<\/div>\n\t\t<\/div>\n\t\t\t\t\t<\/div>\n\t\t<\/section>\n\t\t\t\t<\/div>","protected":false},"excerpt":{"rendered":"<p>Dein Vertragspartner und Anbieter ist: Wildcat GmbHWankelstr. 548599 GronauDeutschland Tel.: 49 (0) 25 62 99 2 99 -0Fax: +49 (0) 25 62 99 2 99 -29E-Mail: service@wildcat.de Registergericht: Amtsgericht CoesfeldRegisternummer: HRB 6040USt-ID: DE813078991 Gesch\u00e4ftsf\u00fchrer: Martin Siedler, Damien SiedlerInhaltlich verantwortlich gem\u00e4\u00df \u00a75 TMG und \u00a755 RStV: Martin Siedler JUGENSCHUTZBEAUFTRAGTER Jugendschutzbeauftragter gem\u00e4\u00df \u00a7 7 JMStV: Rechtsanwalt Jan [&hellip;]<\/p>","protected":false},"author":9,"featured_media":0,"parent":0,"menu_order":0,"comment_status":"closed","ping_status":"closed","template":"","meta":{"footnotes":""},"class_list":["post-308","page","type-page","status-publish","hentry"],"_links":{"self":[{"href":"https:\/\/tattoo-cruise.de\/en\/wp-json\/wp\/v2\/pages\/308","targetHints":{"allow":["GET"]}}],"collection":[{"href":"https:\/\/tattoo-cruise.de\/en\/wp-json\/wp\/v2\/pages"}],"about":[{"href":"https:\/\/tattoo-cruise.de\/en\/wp-json\/wp\/v2\/types\/page"}],"author":[{"embeddable":true,"href":"https:\/\/tattoo-cruise.de\/en\/wp-json\/wp\/v2\/users\/9"}],"replies":[{"embeddable":true,"href":"https:\/\/tattoo-cruise.de\/en\/wp-json\/wp\/v2\/comments?post=308"}],"version-history":[{"count":22,"href":"https:\/\/tattoo-cruise.de\/en\/wp-json\/wp\/v2\/pages\/308\/revisions"}],"predecessor-version":[{"id":1729,"href":"https:\/\/tattoo-cruise.de\/en\/wp-json\/wp\/v2\/pages\/308\/revisions\/1729"}],"wp:attachment":[{"href":"https:\/\/tattoo-cruise.de\/en\/wp-json\/wp\/v2\/media?parent=308"}],"curies":[{"name":"wp","href":"https:\/\/api.w.org\/{rel}","templated":true}]}}